{"id":2,"date":"2025-11-08T01:10:55","date_gmt":"2025-11-08T01:10:55","guid":{"rendered":"https:\/\/www.nsj-group.com\/?page_id=2"},"modified":"2026-03-09T14:12:10","modified_gmt":"2026-03-09T14:12:10","slug":"partnere","status":"publish","type":"page","link":"https:\/\/www.nsj-group.com\/index.php\/partnere\/","title":{"rendered":"partnere"},"content":{"rendered":"\n<p class=\"has-text-align-left\">Vi er en bred vifte af partnere der arbejder p\u00e5 dette projekt. Udviklingen af projektet kan ogs\u00e5 st\u00f8ttes. alt sammen herp\u00e5 sitet. St\u00f8t Nsj Group med et bidrag ved k\u00f8b af din gaming server (gode priser.)<\/p>\n\n\n\n<figure class=\"wp-block-image size-full is-resized\"><a href=\"https:\/\/www.din-server.dk\/aff.php?aff=22\"><img loading=\"lazy\" decoding=\"async\" width=\"829\" height=\"368\" src=\"https:\/\/www.nsj-group.com\/wp-content\/uploads\/2026\/03\/din-server.png\" alt=\"\" class=\"wp-image-183\" style=\"aspect-ratio:2.252794496990542;width:66px;height:auto\" srcset=\"https:\/\/www.nsj-group.com\/wp-content\/uploads\/2026\/03\/din-server.png 829w, https:\/\/www.nsj-group.com\/wp-content\/uploads\/2026\/03\/din-server-300x133.png 300w, https:\/\/www.nsj-group.com\/wp-content\/uploads\/2026\/03\/din-server-768x341.png 768w, https:\/\/www.nsj-group.com\/wp-content\/uploads\/2026\/03\/din-server-624x277.png 624w\" sizes=\"auto, (max-width: 829px) 100vw, 829px\" \/><\/a><figcaption class=\"wp-element-caption\">klik p\u00e5 logoet og bestil i dag og st\u00f8t nsj-group<\/figcaption><\/figure>\n\n\n\n<p><strong>&#8212;&#8212;&#8212;&#8212;&#8212;&#8212;&#8212;&#8212;&#8212;&#8212;&#8212;&#8212;&#8212;&#8212;&#8212;&#8212;&#8212;&#8212;&#8212;&#8212;&#8212;&#8212;&#8212;&#8212;&#8212;&#8212;&#8212;&#8212;&#8212;&#8212;&#8212;&#8212;&#8212;&#8212;&#8212;&#8212;&#8212;&#8212;&#8212;&#8212;&#8212;&#8212;&#8212;&#8212;&#8212;&#8212;&#8211;<\/strong><\/p>\n\n\n\n<p><mark style=\"background-color:rgba(0, 0, 0, 0)\" class=\"has-inline-color has-blue-color\"><strong>Vi st\u00e5r bl.a bag holdet<\/strong><\/mark><\/p>\n\n\n\n<div class=\"wp-block-group is-nowrap is-layout-flex wp-container-core-group-is-layout-ad2f72ca wp-block-group-is-layout-flex\">\n<p><strong>Root Esport<\/strong><\/p>\n<\/div>\n\n\n\n<figure class=\"wp-block-image size-full is-resized\"><img loading=\"lazy\" decoding=\"async\" width=\"206\" height=\"209\" src=\"https:\/\/www.nsj-group.com\/wp-content\/uploads\/2026\/03\/Root_small.png\" alt=\"\" class=\"wp-image-172\" style=\"aspect-ratio:0.9856985698569857;width:110px;height:auto\"\/><\/figure>\n\n\n\n<figure class=\"wp-block-image size-full is-resized\"><img loading=\"lazy\" decoding=\"async\" width=\"250\" height=\"250\" src=\"https:\/\/www.nsj-group.com\/wp-content\/uploads\/2026\/03\/cs_small.png\" alt=\"\" class=\"wp-image-156\" style=\"width:46px;height:auto\" srcset=\"https:\/\/www.nsj-group.com\/wp-content\/uploads\/2026\/03\/cs_small.png 250w, https:\/\/www.nsj-group.com\/wp-content\/uploads\/2026\/03\/cs_small-150x150.png 150w\" sizes=\"auto, (max-width: 250px) 100vw, 250px\" \/><\/figure>\n\n\n\n<p>Cs clan og gaming forum.<\/p>\n\n\n\n<p>website: <a href=\"https:\/\/www.nsj-group.com\/Root\/\" data-type=\"link\" data-id=\"https:\/\/www.nsj-group.com\/Root\/\">https:\/\/www.nsj-group.com\/Root\/<\/a><\/p>\n\n\n\n<p>denne clan har Discord server.<\/p>\n\n\n\n<p>Som du finder p\u00e5 f\u00f8lgende link via discord logoet<\/p>\n\n\n\n<figure class=\"wp-block-image size-full is-resized\"><a href=\"https:\/\/discord.gg\/P6pgSRz3Eg\"><img loading=\"lazy\" decoding=\"async\" width=\"203\" height=\"211\" src=\"https:\/\/www.nsj-group.com\/wp-content\/uploads\/2026\/03\/discord_small.png\" alt=\"\" class=\"wp-image-176\" style=\"aspect-ratio:0.9622641509433962;width:41px;height:auto\"\/><\/a><\/figure>\n\n\n\n<p>Discorden best\u00e5r ogs\u00e5 af andre spil. bring gerne dit eget i spil!!.. ses vi.. m\u00e5ske til games. hvem ved vi st\u00e5r klar til at modtage dig. Vi har bl.a Sponsoreret en Valheim server til Root Esport Community<\/p>\n\n\n\n<p><strong>&#8212;&#8212;&#8212;&#8212;&#8212;&#8212;&#8212;&#8212;&#8212;&#8212;&#8212;&#8212;&#8212;&#8212;&#8212;&#8212;&#8212;&#8212;&#8212;&#8212;&#8212;&#8212;&#8212;&#8212;&#8212;&#8212;&#8212;&#8212;&#8212;&#8212;&#8212;&#8212;&#8212;&#8212;&#8212;&#8212;&#8212;&#8212;&#8212;&#8212;&#8212;&#8212;&#8212;&#8212;&#8212;&#8212;&#8211;<\/strong><\/p>\n\n\n\n<p><strong>Private:<\/strong><\/p>\n\n\n\n<p><a href=\"https:\/\/www.\" data-type=\"link\" data-id=\"https:\/\/www.\">Galgehoej.dk<\/a><\/p>\n\n\n\n<p><a href=\"https:\/\/www.\" data-type=\"link\" data-id=\"https:\/\/www.\">Galgehoej.com<\/a><\/p>\n","protected":false},"excerpt":{"rendered":"<p>Vi er en bred vifte af partnere der arbejder p\u00e5 dette projekt. Udviklingen af projektet kan ogs\u00e5 st\u00f8ttes. alt sammen herp\u00e5 sitet. St\u00f8t Nsj Group med et bidrag ved k\u00f8b af din gaming server (gode priser.) &#8212;&#8212;&#8212;&#8212;&#8212;&#8212;&#8212;&#8212;&#8212;&#8212;&#8212;&#8212;&#8212;&#8212;&#8212;&#8212;&#8212;&#8212;&#8212;&#8212;&#8212;&#8212;&#8212;&#8212;&#8212;&#8212;&#8212;&#8212;&#8212;&#8212;&#8212;&#8212;&#8212;&#8212;&#8212;&#8212;&#8212;&#8212;&#8212;&#8212;&#8212;&#8212;&#8212;&#8212;&#8212;&#8212;&#8211; Vi st\u00e5r bl.a bag holdet Root Esport Cs clan og gaming forum. website: https:\/\/www.nsj-group.com\/Root\/ denne clan har Discord [&hellip;]<\/p>\n","protected":false},"author":1,"featured_media":0,"parent":0,"menu_order":0,"comment_status":"closed","ping_status":"closed","template":"page-templates\/full-width.php","meta":{"_bbp_topic_count":0,"_bbp_reply_count":0,"_bbp_total_topic_count":0,"_bbp_total_reply_count":0,"_bbp_voice_count":0,"_bbp_anonymous_reply_count":0,"_bbp_topic_count_hidden":0,"_bbp_reply_count_hidden":0,"_bbp_forum_subforum_count":0,"footnotes":""},"class_list":["post-2","page","type-page","status-publish","hentry"],"_links":{"self":[{"href":"https:\/\/www.nsj-group.com\/index.php\/wp-json\/wp\/v2\/pages\/2","targetHints":{"allow":["GET"]}}],"collection":[{"href":"https:\/\/www.nsj-group.com\/index.php\/wp-json\/wp\/v2\/pages"}],"about":[{"href":"https:\/\/www.nsj-group.com\/index.php\/wp-json\/wp\/v2\/types\/page"}],"author":[{"embeddable":true,"href":"https:\/\/www.nsj-group.com\/index.php\/wp-json\/wp\/v2\/users\/1"}],"replies":[{"embeddable":true,"href":"https:\/\/www.nsj-group.com\/index.php\/wp-json\/wp\/v2\/comments?post=2"}],"version-history":[{"count":48,"href":"https:\/\/www.nsj-group.com\/index.php\/wp-json\/wp\/v2\/pages\/2\/revisions"}],"predecessor-version":[{"id":200,"href":"https:\/\/www.nsj-group.com\/index.php\/wp-json\/wp\/v2\/pages\/2\/revisions\/200"}],"wp:attachment":[{"href":"https:\/\/www.nsj-group.com\/index.php\/wp-json\/wp\/v2\/media?parent=2"}],"curies":[{"name":"wp","href":"https:\/\/api.w.org\/{rel}","templated":true}]}}